{"id":7722,"date":"2023-03-10T16:12:47","date_gmt":"2023-03-10T15:12:47","guid":{"rendered":"https:\/\/californian-living.com\/produit\/napa-samples\/"},"modified":"2023-03-27T12:07:04","modified_gmt":"2023-03-27T10:07:04","slug":"napa-samples","status":"publish","type":"product","link":"https:\/\/californian-living.com\/fr\/produit\/napa-samples\/","title":{"rendered":"Napa &#8211; \u00c9chantillons"},"content":{"rendered":"<div class=\"wpb-content-wrapper\"><p>[vc_row][vc_column width=\u00a0\u00bb1\/2&Prime;][vc_column_text]<br \/>\nTissage main avec effet bulle.<\/p>\n<p>Laine d\u2019origine de Nouvelle-Z\u00e9lande pour une atmosph\u00e8re chaleureuse et une bonne durabilit\u00e9.<\/p>\n<p>\u00c9paisseur\u00a0: 15 mm<\/p>\n<p>Poids\u00a0: 2,6 kg\/m2<\/p>\n<p>D\u00e9lai de production : 8 \u00e0 10 semaines<br \/>\n[\/vc_column_text][vc_column_text]<\/p>\n<h5 style=\"text-transform: uppercase; text-align: left;\"><strong><span style=\"color: #ebd8a8;\">Tailles disponibles<\/span><\/strong><\/h5>\n<p>Tous les tapis de Californian Living peuvent \u00eatre fabriqu\u00e9s sur mesure<\/p>\n<p>Taille minimale largeur x longueur : 120cm x 120cm<\/p>\n<p>Taille maximale largeur x longueur : 400cm x 2000cm<\/p>\n<p>Au-del\u00e0 de 270cm de largeur, veuillez contacter nos services pour obtenir un devis.<br \/>\n[\/vc_column_text][vc_btn title=\u00a0\u00bbDemande sp\u00e9ciale\u00a0\u00bb color=\u00a0\u00bbsandy-brown\u00a0\u00bb link=\u00a0\u00bburl:https%3A%2F%2Fcalifornian-living.com%2Ffr%2Fcontact-demande-speciale%2F|target:%20_blank|\u00a0\u00bb][vc_column_text]<\/p>\n<h5 style=\"text-transform: uppercase; text-align: left;\"><strong><span style=\"color: #ebd8a8;\">Exp\u00e9ditions<\/span><\/strong><\/h5>\n<p>Toutes les commandes domestiques et internationales sont exp\u00e9di\u00e9es par courrier Express avec num\u00e9ro de suivi. Les commandes pour L\u2019UE prennent habituellement 2-3 jours ouvrables pour arriver et les commandes internationales 3-5 jours ouvrables. Notre exp\u00e9diteur vous mettra \u00e0 jour sur un horaire de passage pour la livraison par SMS ou e-mail.<\/p>\n<h5 style=\"text-transform: uppercase; text-align: left;\"><strong><span style=\"color: #ebd8a8;\">\u00c9changes &amp; retours<\/span><\/strong><\/h5>\n<p>N\u2019oubliez pas que nos tapis sont fabriqu\u00e9s \u00e0 la main et fabriqu\u00e9s sp\u00e9cialement sur-mesure en fonction de vos choix de taille et de couleurs. C\u2019est pourquoi nous avons besoin de 6 \u00e0 8 semaines pour le produire.<\/p>\n<p>Concernant la politique de retour, veuillez consulter nos <a href=\"https:\/\/californian-living.com\/wp-content\/uploads\/2020\/11\/californian_living_CGV_fr.pdf\" target=\"_blank\" rel=\"noopener\">Conditions g\u00e9n\u00e9rales<\/a>.[\/vc_column_text][\/vc_column][vc_column width=\u00a0\u00bb1\/2&Prime;][vc_column_text]<\/p>\n<p style=\"text-align: left;\">Con\u00e7u en Californie et fabriqu\u00e9 \u00e0 la main en Inde<\/p>\n<p style=\"text-align: left;\">Certifi\u00e9 Goodweave\u2122 <a href=\"https:\/\/goodweave.org\/about\/goodweave-label\/\" target=\"_blank\" rel=\"noopener noreferrer\">More infos<\/a><\/p>\n<p>[\/vc_column_text][vc_column_text]<br \/>\nRecommandations sur la taille et la disposition des tapis <a href=\"https:\/\/californian-living.com\/wp-content\/uploads\/2020\/11\/californian_living_plan_amenagement_fr_doc.pdf\" target=\"_blank\" rel=\"noopener\">T\u00e9l\u00e9charger le\u00a0PDF<\/a><br \/>\n[\/vc_column_text][vc_column_text]<\/p>\n<p style=\"text-align: left;\">Pour tous les mod\u00e8les, il est possible de personnaliser la couleur et les dimensions <a href=\"https:\/\/californian-living.com\/fr\/contact-demande-speciale\/\">Demande sp\u00e9ciale<\/a><\/p>\n<p>[\/vc_column_text][vc_column_text]<\/p>\n<p style=\"text-align: left;\">Produit original <a href=\"https:\/\/californian-living.com\/fr\/?post_type=product&amp;p=7646\">Commander maintenant<\/a><\/p>\n<p>[\/vc_column_text][vc_column_text]<\/p>\n<h5 style=\"text-transform: uppercase; text-align: left;\"><strong><span style=\"color: #ebd8a8;\">Entretien<\/span><\/strong><\/h5>\n<p style=\"text-align: left;\">Passez l\u2019aspirateur r\u00e9guli\u00e8rement (dans le sens du poil). Enlevez les t\u00e2ches imm\u00e9diatement. \u00c9vitez l\u2019eau et les autres liquides. Nous vous conseillons d\u2019utiliser un agent de nettoyage \u00e0 sec professionnel<\/p>\n<p>[\/vc_column_text][vc_btn title=\u00a0\u00bbT\u00e9l\u00e9charger le PDF\u00a0\u00bb color=\u00a0\u00bbsandy-brown\u00a0\u00bb link=\u00a0\u00bburl:https%3A%2F%2Fcalifornian-living.com%2Fwp-content%2Fuploads%2F2020%2F11%2Fcalifornian_living_fiche_de_maintenance_2_fr.pdf|title:Pr%C3%A9sentation|target:%20_blank|\u00a0\u00bb][vc_column_text]<\/p>\n<h5 style=\"text-transform: uppercase; text-align: left;\"><strong><span style=\"color: #ebd8a8;\">FAQ<\/span><\/strong><\/h5>\n<p>Pour toutes questions suppl\u00e9mentaire : <a href=\"https:\/\/californian-living.com\/fr\/faq\/\">FAQ<\/a>[\/vc_column_text][\/vc_column][\/vc_row][vc_column][\/vc_column]<\/p>\n<\/div>","protected":false},"excerpt":{"rendered":"<p>Confectionn\u00e9e en pure laine de Nouvelle-Z\u00e9lande, la collection Napa apportera harmonie et convivialit\u00e9 \u00e0 votre int\u00e9rieur. Cette technique de tissage unique cr\u00e9ant un effet bulle offrira une atmosph\u00e8re agr\u00e9able invitant \u00e0 s&rsquo;asseoir et \u00e0 se d\u00e9tendre. La collection Napa est recommand\u00e9e pour les espaces communs tels que le salon ou la salle \u00e0 manger. La laine de Nouvelle-Z\u00e9lande a l&rsquo;avantage d&rsquo;\u00eatre une fibre solide et durable, mais aussi l&rsquo;une des laines les plus douces disponible dans le monde.<\/p>\n<p><strong>\u00c9chantillon : 15x15cm<\/strong><\/p>\n<p><strong>Livraison gratuite<\/strong><\/p>\n...","protected":false},"featured_media":7601,"comment_status":"closed","ping_status":"closed","template":"","meta":{"_acf_changed":false},"product_brand":[],"product_cat":[118],"product_tag":[],"class_list":{"0":"post-7722","1":"product","2":"type-product","3":"status-publish","4":"has-post-thumbnail","6":"product_cat-sample-fr","7":"pa_color-pumice-stone-fr","8":"pa_color-rose-dust-fr","9":"pa_color-natural-fr","10":"pa_color-oatmeal-fr","11":"pa_color-walnut-fr","12":"pa_color-tornado-fr","13":"pa_color-gun-metal-fr","14":"pa_color-granit-green-fr","15":"pa_color-limestone-fr","16":"pa_color-stone-wash-fr","17":"pa_color-dark-sapphire-fr","18":"pa_color-lemonade-fr","19":"pa_color-petal-pink-fr","20":"pa_color-canyon-clay-fr","21":"pa_color-evening-sand-fr","23":"first","24":"instock","25":"taxable","26":"shipping-taxable","27":"purchasable","28":"product-type-variable"},"acf":[],"_links":{"self":[{"href":"https:\/\/californian-living.com\/fr\/wp-json\/wp\/v2\/product\/7722","targetHints":{"allow":["GET"]}}],"collection":[{"href":"https:\/\/californian-living.com\/fr\/wp-json\/wp\/v2\/product"}],"about":[{"href":"https:\/\/californian-living.com\/fr\/wp-json\/wp\/v2\/types\/product"}],"replies":[{"embeddable":true,"href":"https:\/\/californian-living.com\/fr\/wp-json\/wp\/v2\/comments?post=7722"}],"wp:featuredmedia":[{"embeddable":true,"href":"https:\/\/californian-living.com\/fr\/wp-json\/wp\/v2\/media\/7601"}],"wp:attachment":[{"href":"https:\/\/californian-living.com\/fr\/wp-json\/wp\/v2\/media?parent=7722"}],"wp:term":[{"taxonomy":"product_brand","embeddable":true,"href":"https:\/\/californian-living.com\/fr\/wp-json\/wp\/v2\/product_brand?post=7722"},{"taxonomy":"product_cat","embeddable":true,"href":"https:\/\/californian-living.com\/fr\/wp-json\/wp\/v2\/product_cat?post=7722"},{"taxonomy":"product_tag","embeddable":true,"href":"https:\/\/californian-living.com\/fr\/wp-json\/wp\/v2\/product_tag?post=7722"}],"curies":[{"name":"wp","href":"https:\/\/api.w.org\/{rel}","templated":true}]}}