{"id":7646,"date":"2023-03-09T15:33:10","date_gmt":"2023-03-09T14:33:10","guid":{"rendered":"https:\/\/californian-living.com\/?post_type=product&#038;p=7646"},"modified":"2026-01-30T16:42:16","modified_gmt":"2026-01-30T15:42:16","slug":"napa","status":"publish","type":"product","link":"https:\/\/californian-living.com\/fr\/produit\/napa\/","title":{"rendered":"Napa"},"content":{"rendered":"<div class=\"wpb-content-wrapper\"><p>[vc_row][vc_column width=\u00a0\u00bb1\/2&Prime;][vc_column_text]<\/p>\n<p style=\"font-weight: 400;\">Tissage main avec effet bulle.<\/p>\n<p style=\"font-weight: 400;\">Laine d\u2019origine de Nouvelle-Z\u00e9lande pour un atmosph\u00e8re chaleureux et une bonne durabilit\u00e9.<\/p>\n<p style=\"font-weight: 400;\">\u00c9paisseur\u00a0: 15 mm<\/p>\n<p style=\"font-weight: 400;\">Poids\u00a0: 2,6 kg\/m2<\/p>\n<p style=\"font-weight: 400;\">D\u00e9lai de production : 8 \u00e0 10 semaines<\/p>\n<p>[\/vc_column_text][vc_column_text]<\/p>\n<h5 style=\"text-transform: uppercase; text-align: left;\"><strong><span style=\"color: #ebd8a8;\">Available sizes<\/span><\/strong><\/h5>\n<p class=\"p1\">Tailles disponibles<\/p>\n<p class=\"p1\">Tous les tapis de Californian Living peuvent \u00eatre fabriqu\u00e9s sur mesure<\/p>\n<p class=\"p1\">Taille minimale largeur x longueur : 120cm x 120cm<\/p>\n<p class=\"p1\">Taille maximale largeur x longueur : 400cm x 2000cm<\/p>\n<p class=\"p1\">Au-del\u00e0 de 270cm de largeur, veuillez contacter nos services pour obtenir un devis.<\/p>\n<p>[\/vc_column_text][vc_btn title=\u00a0\u00bbDemande sp\u00e9ciale\u00a0\u00bb color=\u00a0\u00bbsandy-brown\u00a0\u00bb link=\u00a0\u00bburl:https%3A%2F%2Fcalifornian-living.com%2Ffr%2Fcontact-demande-speciale%2F|target:%20_blank|\u00a0\u00bb][vc_column_text]<\/p>\n<h5 style=\"text-transform: uppercase; text-align: left;\"><strong><span style=\"color: #ebd8a8;\">Exp\u00e9dition<\/span><\/strong><\/h5>\n<p><span class=\"s1\">Toutes les commandes domestiques et internationales sont exp\u00e9di\u00e9es par\u00a0<\/span><span class=\"s2\">courrier Express avec num\u00e9ro de suivi<\/span><span class=\"s1\">. Les commandes\u00a0<\/span><span class=\"s2\">pour L\u2019<\/span><span class=\"s1\">UE prennent habituellement 2-3 jours ouvrables pour arriver et les commandes internationales 3-5 jours ouvrables. Notre\u00a0<\/span><span class=\"s2\">exp\u00e9diteur \u00a0<\/span><span class=\"s1\">vous mettra \u00e0 jour sur un horaire de passage pour la livraison par SMS ou e-mail.<\/span><\/p>\n<h5 style=\"text-transform: uppercase; text-align: left;\"><strong><span style=\"color: #ebd8a8;\">\u00c9changes &amp; Retours<\/span><\/strong><\/h5>\n<p>N\u2019oubliez pas que nos tapis sont fabriqu\u00e9s \u00e0 la main et fabriqu\u00e9s sp\u00e9cialement sur-mesure en fonction de vos choix de taille et de couleurs. C\u2019est pourquoi nous avons besoin de 6 \u00e0 8 semaines pour le produire.<\/p>\n<p class=\"cl-text-align-left\">Concernant la politique de retour, veuillez consulter nos<\/p>\n<p><a class=\"inline\" href=\"https:\/\/californian-living.com\/wp-content\/uploads\/2020\/11\/californian_living_CGV_fr.pdf\">Conditions g\u00e9n\u00e9rales<\/a>[\/vc_column_text][\/vc_column][vc_column width=\u00a0\u00bb1\/2&Prime;][vc_column_text]<br \/>\nCon\u00e7u en Californie et fabriqu\u00e9 \u00e0 la main en Inde<\/p>\n<p>Certifi\u00e9 Goodweave\u2122 \u00a0<a href=\"https:\/\/goodweave.org\/about\/goodweave-label\/\" target=\"_blank\" rel=\"noopener noreferrer\">More infos<\/a><br \/>\n[\/vc_column_text][vc_column_text]<\/p>\n<p style=\"text-align: left;\">Recommandations sur la taille et la disposition des tapis <a href=\"https:\/\/californian-living.com\/wp-content\/uploads\/2020\/11\/californian_living_plan_amenagement_fr_doc.pdf\">T\u00e9l\u00e9charger le PDF<\/a><\/p>\n<p>[\/vc_column_text][vc_column_text]<\/p>\n<p style=\"text-align: left;\">Pour tous les mod\u00e8les, il est possible de personnaliser la couleur et les dimensions <a href=\"https:\/\/californian-living.com\/fr\/contact-demande-speciale\/\">Demande sp\u00e9ciale<\/a><\/p>\n<p>[\/vc_column_text][vc_column_text]<\/p>\n<p style=\"text-align: left;\">\u00c9chantillon disponible <a href=\"https:\/\/californian-living.com\/fr\/produit\/napa-samples\/\">Commander maintenant<\/a><\/p>\n<p>[\/vc_column_text][vc_column_text]<\/p>\n<h5 style=\"text-transform: uppercase; text-align: left;\"><strong><span style=\"color: #ebd8a8;\">Entretien<\/span><\/strong><\/h5>\n<p style=\"text-align: left;\">Passez l\u2019aspirateur r\u00e9guli\u00e8rement (dans le sens du poil). Enlevez les t\u00e2ches imm\u00e9diatement. \u00c9vitez l\u2019eau et les autres liquides. Nous vous conseillons d\u2019utiliser un agent de nettoyage \u00e0 sec professionnel<\/p>\n<p>[\/vc_column_text][vc_btn title=\u00a0\u00bbT\u00e9l\u00e9charger le PDF\u00a0\u00bb color=\u00a0\u00bbsandy-brown\u00a0\u00bb link=\u00a0\u00bburl:https%3A%2F%2Fcalifornian-living.com%2Fwp-content%2Fuploads%2F2020%2F11%2Fcalifornian_living_fiche_de_maintenance_2_fr.pdf|title:Pr%C3%A9sentation|target:%20_blank|\u00a0\u00bb][vc_column_text]<\/p>\n<h5 style=\"text-transform: uppercase; text-align: left;\"><strong><span style=\"color: #ebd8a8;\">Quiz<\/span><\/strong><\/h5>\n<p>R\u00e9pondez \u00e0 notre quiz et d\u00e9couvrez la collection qui vous convient[\/vc_column_text][vc_btn title=\u00a0\u00bbQuiz\u00a0\u00bb color=\u00a0\u00bbsandy-brown\u00a0\u00bb link=\u00a0\u00bburl:https%3A%2F%2Fcalifornian-living.com%2Ffr%2Fquiz%2F|title:Pr%C3%A9sentation|target:_blank|\u00a0\u00bb][vc_column_text]<\/p>\n<h5 style=\"text-transform: uppercase; text-align: left;\"><strong><span style=\"color: #ebd8a8;\">FAQ<\/span><\/strong><\/h5>\n<p>Pour toutes questions suppl\u00e9mentaire : <a href=\"https:\/\/californian-living.com\/fr\/faq\/\">FAQ<\/a>[\/vc_column_text][\/vc_column][\/vc_row][vc_column][\/vc_column]<\/p>\n<\/div>","protected":false},"excerpt":{"rendered":"<p>Confectionn\u00e9e en pure laine de Nouvelle-Z\u00e9lande, la collection Napa apportera harmonie et convivialit\u00e9 \u00e0 votre int\u00e9rieur. Cette technique de tissage unique cr\u00e9ant un effet bulle offrira une atmosph\u00e8re agr\u00e9able invitant \u00e0 s&rsquo;asseoir et \u00e0 se d\u00e9tendre. La collection Napa est recommand\u00e9e pour les espaces communs tels que le salon ou la salle \u00e0 manger. La laine de Nouvelle-Z\u00e9lande a l&rsquo;avantage d&rsquo;\u00eatre une fibre solide et durable, mais aussi l&rsquo;une des laines les plus douces disponible dans le monde.<\/p>\n...","protected":false},"featured_media":7689,"comment_status":"closed","ping_status":"closed","template":"","meta":{"_acf_changed":false},"product_brand":[],"product_cat":[178],"product_tag":[],"class_list":{"0":"post-7646","1":"product","2":"type-product","3":"status-publish","4":"has-post-thumbnail","6":"product_cat-napa-fr","7":"product_shipping_class-palm-springs-fr","8":"pa_color-pumice-stone-fr","9":"pa_color-rose-dust-fr","10":"pa_color-natural-fr","11":"pa_color-pumice-stone","12":"pa_color-oatmeal-fr","13":"pa_color-walnut-fr","14":"pa_color-tornado-fr","15":"pa_color-gun-metal-fr","16":"pa_color-granit-green-fr","17":"pa_color-limestone-fr","18":"pa_color-stone-wash-fr","19":"pa_color-dark-sapphire-fr","20":"pa_color-sapphire-fr","21":"pa_color-lemonade-fr","22":"pa_color-petal-pink-fr","23":"pa_color-rose-dust","24":"pa_color-canyon-clay-fr","25":"pa_color-evening-sand-fr","27":"first","28":"instock","29":"taxable","30":"shipping-taxable","31":"purchasable","32":"product-type-variable"},"acf":[],"_links":{"self":[{"href":"https:\/\/californian-living.com\/fr\/wp-json\/wp\/v2\/product\/7646","targetHints":{"allow":["GET"]}}],"collection":[{"href":"https:\/\/californian-living.com\/fr\/wp-json\/wp\/v2\/product"}],"about":[{"href":"https:\/\/californian-living.com\/fr\/wp-json\/wp\/v2\/types\/product"}],"replies":[{"embeddable":true,"href":"https:\/\/californian-living.com\/fr\/wp-json\/wp\/v2\/comments?post=7646"}],"wp:featuredmedia":[{"embeddable":true,"href":"https:\/\/californian-living.com\/fr\/wp-json\/wp\/v2\/media\/7689"}],"wp:attachment":[{"href":"https:\/\/californian-living.com\/fr\/wp-json\/wp\/v2\/media?parent=7646"}],"wp:term":[{"taxonomy":"product_brand","embeddable":true,"href":"https:\/\/californian-living.com\/fr\/wp-json\/wp\/v2\/product_brand?post=7646"},{"taxonomy":"product_cat","embeddable":true,"href":"https:\/\/californian-living.com\/fr\/wp-json\/wp\/v2\/product_cat?post=7646"},{"taxonomy":"product_tag","embeddable":true,"href":"https:\/\/californian-living.com\/fr\/wp-json\/wp\/v2\/product_tag?post=7646"}],"curies":[{"name":"wp","href":"https:\/\/api.w.org\/{rel}","templated":true}]}}