{"id":5730,"date":"2020-06-22T16:41:05","date_gmt":"2020-06-22T14:41:05","guid":{"rendered":"https:\/\/californian-living.com\/produit\/del-mar\/"},"modified":"2026-01-30T16:49:04","modified_gmt":"2026-01-30T15:49:04","slug":"del-mar","status":"publish","type":"product","link":"https:\/\/californian-living.com\/fr\/produit\/del-mar\/","title":{"rendered":"Del Mar"},"content":{"rendered":"<div class=\"wpb-content-wrapper\"><p>[vc_row][vc_column width=\u00a0\u00bb1\/2&Prime;][vc_column_text]<\/p>\n<p>Fabrication manuelle par m\u00e9tier \u00e0 tisser<\/p>\n<p><span class=\"s2\">Fil de soie v\u00e9g\u00e9tale r\u00e9put\u00e9 pour sa douceur et sa brillance<\/span><\/p>\n<p><span class=\"s2\">Longueur du poil<\/span> 6 mm<\/p>\n<p>Poids du poil : 2,50 kg\/m\u00b2 \u2013 Poids total : 4,313 kg\/m\u00b2<\/p>\n<p>D\u00e9lai de production : 8 \u00e0 10 semaines<\/p>\n<p>[\/vc_column_text][vc_column_text]<\/p>\n<h5 style=\"text-transform: uppercase; text-align: left;\"><strong><span style=\"color: #ebd8a8;\">Tailles disponibles<\/span><\/strong><\/h5>\n<p>Tous les tapis de Californian Living peuvent \u00eatre fabriqu\u00e9s sur mesure<\/p>\n<p>Taille minimale largeur x longueur : 70cm x 140cm<\/p>\n<p>Taille maximale largeur x longueur : 500cm x 2000cm<\/p>\n<p>Au-del\u00e0 de 270cm de largeur, veuillez contacter nos services pour obtenir un devis<\/p>\n<p>[\/vc_column_text][vc_btn title=\u00a0\u00bbDemande sp\u00e9ciale\u00a0\u00bb color=\u00a0\u00bbsandy-brown\u00a0\u00bb link=\u00a0\u00bburl:https%3A%2F%2Fcalifornian-living.com%2Ffr%2Fcontact-demande-speciale%2F|target:%20_blank|\u00a0\u00bb][vc_column_text]<\/p>\n<h5 style=\"text-transform: uppercase; text-align: left;\"><strong><span style=\"color: #ebd8a8;\">Exp\u00e9dition<\/span><\/strong><\/h5>\n<p>Toutes les commandes domestiques et internationales sont exp\u00e9di\u00e9es par courrier Express avec num\u00e9ro de suivi. Les commandes pour L\u2019UE prennent habituellement 2-3 jours ouvrables pour arriver et les commandes internationales 3-5 jours ouvrables. Notre exp\u00e9diteur vous mettra \u00e0 jour sur un horaire de passage pour la livraison par SMS ou e-mail.<\/p>\n<h5 style=\"text-transform: uppercase; text-align: left;\"><strong><span style=\"color: #ebd8a8;\">\u00c9changes &amp; Retours<\/span><\/strong><\/h5>\n<p>N\u2019oubliez pas que nos tapis sont fabriqu\u00e9s \u00e0 la main et fabriqu\u00e9s sp\u00e9cialement sur-mesure en fonction de vos choix de taille et de couleurs. C\u2019est pourquoi nous avons besoin de 6 \u00e0 8 semaines pour le produire.<\/p>\n<p>Concernant la politique de retour, veuillez consulter nos <a href=\"https:\/\/californian-living.com\/wp-content\/uploads\/2020\/11\/californian_living_CGV_fr.pdf\">Conditions g\u00e9n\u00e9rales<\/a><\/p>\n<p>[\/vc_column_text][\/vc_column][vc_column width=\u00a0\u00bb1\/2&Prime;][vc_column_text]<\/p>\n<p>Con\u00e7u en Californie et fabriqu\u00e9 \u00e0 la main en Inde.<br \/>\nCertifi\u00e9 Goodweave\u2122\u00a0 <a href=\"https:\/\/goodweave.org\/about\/goodweave-label\/\" target=\"_blank\" rel=\"noopener noreferrer\">Plus d\u2019infos<\/a><\/p>\n<p>[\/vc_column_text][vc_column_text]<\/p>\n<p style=\"text-align: left;\">Recommandations sur la taille et la disposition des tapis <a href=\"https:\/\/californian-living.com\/wp-content\/uploads\/2020\/11\/californian_living_plan_amenagement_fr_doc.pdf\" target=\"_blank\" rel=\"noopener noreferrer\">T\u00e9l\u00e9charger le PDF<\/a><\/p>\n<p>[\/vc_column_text][vc_column_text]<\/p>\n<p>Pour tous les mod\u00e8les, il est possible de personnaliser la couleur et les dimensions <a href=\"https:\/\/californian-living.com\/fr\/contact-demande-speciale\/\">Demande sp\u00e9ciale<\/a><\/p>\n<p>[\/vc_column_text][vc_column_text]<\/p>\n<p>\u00c9chantillon disponible <a href=\"https:\/\/californian-living.com\/fr\/produit\/del-mar-echantillon\/\">Commandez maintenant<\/a><\/p>\n<p>[\/vc_column_text][vc_column_text]<\/p>\n<h5 style=\"text-transform: uppercase; text-align: left;\"><strong><span style=\"color: #ebd8a8;\">Entretien\u00a0<\/span><\/strong><\/h5>\n<p>Passez l\u2019aspirateur r\u00e9guli\u00e8rement (dans le sens du poil). Enlevez les taches imm\u00e9diatement. \u00c9vitez l\u2019eau et les autres liquides. Nous vous conseillons d\u2019utiliser un agent de nettoyage \u00e0 sec pour professionnel<\/p>\n<p>[\/vc_column_text][vc_btn title=\u00a0\u00bbT\u00e9l\u00e9charger le PDF\u00a0\u00bb color=\u00a0\u00bbsandy-brown\u00a0\u00bb link=\u00a0\u00bburl:https%3A%2F%2Fcalifornian-living.com%2Fwp-content%2Fuploads%2F2020%2F11%2Fcalifornian_living_fiche_de_maintenance_2_fr.pdf|title:Pr%C3%A9sentation|target:%20_blank|\u00a0\u00bb][vc_column_text]<\/p>\n<h5 style=\"text-transform: uppercase; text-align: left;\"><strong><span style=\"color: #ebd8a8;\">Quiz<\/span><\/strong><\/h5>\n<p>R\u00e9pondez \u00e0 notre quiz et d\u00e9couvrez la collection qui vous convient<\/p>\n<p><a href=\"https:\/\/californian-living.com\/fr\/quiz\/\">Quiz<\/a>[\/vc_column_text][vc_column_text]<\/p>\n<h5 style=\"text-transform: uppercase; text-align: left;\"><strong><span style=\"color: #ebd8a8;\">FAQ<\/span><\/strong><\/h5>\n<p>Pour toutes questions suppl\u00e9mentaire : <a href=\"https:\/\/californian-living.com\/fr\/faq\/\">FAQ<\/a><\/p>\n<p>[\/vc_column_text][\/vc_column][\/vc_row][vc_column][\/vc_column]<\/p>\n<\/div>","protected":false},"excerpt":{"rendered":"<p>La collection Del Mar est c\u00e9l\u00e8bre pour son style moderne et sophistiqu\u00e9. Son motif vintage est id\u00e9al pour ceux qui cherchent \u00e0 combiner modernisme et \u00e9l\u00e9gance. Fabriqu\u00e9e en soie v\u00e9g\u00e9tale, la viscose est connue pour son toucher et son \u00e9clat soyeux. Recommand\u00e9e pour les salons et utilisation r\u00e9sidentielle.<\/p>\n...","protected":false},"featured_media":6404,"comment_status":"closed","ping_status":"closed","template":"","meta":{"_acf_changed":false},"product_brand":[],"product_cat":[116],"product_tag":[],"class_list":{"0":"post-5730","1":"product","2":"type-product","3":"status-publish","4":"has-post-thumbnail","6":"product_cat-del-mar-fr","7":"pa_color-pumice-stone-fr","8":"pa_color-rose-dust-fr","9":"pa_color-snow-white-fr","10":"pa_color-antique-white-fr","11":"pa_color-oatmeal-fr","12":"pa_color-drizzle-fr","13":"pa_color-walnut-fr","14":"pa_color-safari-fr","15":"pa_color-turkish-coffee-fr","16":"pa_color-gun-metal-fr","17":"pa_color-granit-green-fr","18":"pa_color-limestone-fr","19":"pa_color-stone-wash-fr","20":"pa_color-dark-sapphire-fr","21":"pa_color-martini-olive-fr","22":"pa_color-lemon-grass-fr","23":"pa_color-olive-oil-fr","24":"pa_color-lemonade-fr","25":"pa_color-petal-pink-fr","26":"pa_color-canyon-clay-fr","27":"pa_color-evening-sand-fr","28":"pa_color-autumn-leaf-fr","29":"pa_color-rio-red-fr","31":"first","32":"instock","33":"taxable","34":"shipping-taxable","35":"purchasable","36":"product-type-variable"},"acf":[],"_links":{"self":[{"href":"https:\/\/californian-living.com\/fr\/wp-json\/wp\/v2\/product\/5730","targetHints":{"allow":["GET"]}}],"collection":[{"href":"https:\/\/californian-living.com\/fr\/wp-json\/wp\/v2\/product"}],"about":[{"href":"https:\/\/californian-living.com\/fr\/wp-json\/wp\/v2\/types\/product"}],"replies":[{"embeddable":true,"href":"https:\/\/californian-living.com\/fr\/wp-json\/wp\/v2\/comments?post=5730"}],"wp:featuredmedia":[{"embeddable":true,"href":"https:\/\/californian-living.com\/fr\/wp-json\/wp\/v2\/media\/6404"}],"wp:attachment":[{"href":"https:\/\/californian-living.com\/fr\/wp-json\/wp\/v2\/media?parent=5730"}],"wp:term":[{"taxonomy":"product_brand","embeddable":true,"href":"https:\/\/californian-living.com\/fr\/wp-json\/wp\/v2\/product_brand?post=5730"},{"taxonomy":"product_cat","embeddable":true,"href":"https:\/\/californian-living.com\/fr\/wp-json\/wp\/v2\/product_cat?post=5730"},{"taxonomy":"product_tag","embeddable":true,"href":"https:\/\/californian-living.com\/fr\/wp-json\/wp\/v2\/product_tag?post=5730"}],"curies":[{"name":"wp","href":"https:\/\/api.w.org\/{rel}","templated":true}]}}