{"id":5615,"date":"2019-07-21T19:15:34","date_gmt":"2019-07-21T17:15:34","guid":{"rendered":"https:\/\/californian-living.com\/produit\/5615\/"},"modified":"2021-11-11T17:47:07","modified_gmt":"2021-11-11T16:47:07","slug":"del-mar-echantillon","status":"publish","type":"product","link":"https:\/\/californian-living.com\/fr\/produit\/del-mar-echantillon\/","title":{"rendered":"Del Mar &#8211; \u00c9chantillons"},"content":{"rendered":"<div class=\"wpb-content-wrapper\"><p>[vc_row][vc_column width=\u00a0\u00bb1\/2&Prime;][vc_column_text]<\/p>\n<p class=\"p1\"><span class=\"s1\">Fabrication manuelle par m\u00e9tier \u00e0 tisser<\/span><\/p>\n<p><span class=\"s2\">Fil de soie v\u00e9g\u00e9tale r\u00e9put\u00e9 pour sa douceur et sa brillance<\/span><\/p>\n<p><span class=\"s2\">Longueur du poil<\/span> 6 mm<\/p>\n<p>Poids du poil : 2,50 kg\/m\u00b2 \u2013 Poids total : 3,75 kg\/m\u00b2<\/p>\n<p>D\u00e9lai de production : 6 \u00e0 8 semaines<\/p>\n<p>[\/vc_column_text][vc_column_text]<\/p>\n<h5 style=\"text-transform: uppercase; text-align: left;\"><strong><span style=\"color: #ebd8a8;\">Tailles disponibles<\/span><\/strong><\/h5>\n<p>Tous les tapis de Californian Living peuvent \u00eatre fabriqu\u00e9s sur mesure<\/p>\n<p>Taille minimale largeur x longueur : 70cm x 140cm<\/p>\n<p>Taille maximale largeur x longueur : 450cm x 1700cm<\/p>\n<p>Au-del\u00e0 de 270cm x 500cm, veuillez contacter nos services pour obtenir un devis<\/p>\n<p>[\/vc_column_text][vc_btn title=\u00a0\u00bbDemande sp\u00e9ciale\u00a0\u00bb color=\u00a0\u00bbsandy-brown\u00a0\u00bb link=\u00a0\u00bburl:https%3A%2F%2Fcalifornian-living.com%2Ffr%2Fcontact-demande-speciale%2F|target:%20_blank|\u00a0\u00bb][vc_column_text]<\/p>\n<h5 style=\"text-transform: uppercase; text-align: left;\"><strong><span style=\"color: #ebd8a8;\">Exp\u00e9dition<\/span><\/strong><\/h5>\n<p class=\"p1\"><span class=\"s1\">Toutes les commandes domestiques et internationales sont exp\u00e9di\u00e9es par <\/span><span class=\"s2\">courrier Express avec num\u00e9ro de suivi<\/span><span class=\"s1\">. Les commandes <\/span><span class=\"s2\">pour L\u2019<\/span><span class=\"s1\">UE prennent habituellement 2-3 jours ouvrables pour arriver et les commandes internationales 3-5 jours ouvrables. Notre <\/span><span class=\"s2\">exp\u00e9diteur \u00a0<\/span><span class=\"s1\">vous mettra \u00e0 jour sur un horaire de passage pour la livraison par SMS ou e-mail.<\/span><\/p>\n<h5 style=\"text-transform: uppercase; text-align: left;\"><strong><span style=\"color: #ebd8a8;\">\u00c9changes &amp; Retours<\/span><\/strong><\/h5>\n<p>N\u2019oubliez pas que nos tapis sont fabriqu\u00e9s \u00e0 la main et fabriqu\u00e9s sp\u00e9cialement sur-mesure en fonction de vos choix de taille et de couleurs. C\u2019est pourquoi nous avons besoin de 6 \u00e0 8 semaines pour le produire.<\/p>\n<p>Concernant la politique de retour, veuillez consulter nos <a href=\"https:\/\/californian-living.com\/wp-content\/uploads\/2020\/11\/californian_living_CGV_fr.pdf\">Conditions g\u00e9n\u00e9rales<\/a><\/p>\n<p>[\/vc_column_text][\/vc_column][vc_column width=\u00a0\u00bb1\/2&Prime;][vc_column_text]<\/p>\n<p>Con\u00e7u en Californie et fabriqu\u00e9 \u00e0 la main en Inde<\/p>\n<p>Certifi\u00e9 Goodweave\u2122 <a href=\"https:\/\/goodweave.org\/about\/goodweave-label\/\" target=\"_blank\" rel=\"noopener noreferrer\">Plus d&rsquo;infos<\/a><\/p>\n<p>[\/vc_column_text][vc_column_text]<\/p>\n<p>Recommandations sur la taille et la disposition des tapis <a href=\"https:\/\/californian-living.com\/wp-content\/uploads\/2020\/11\/californian_living_plan_amenagement_fr.pdf\" target=\"_blank\" rel=\"noopener noreferrer\">T\u00e9l\u00e9charger le PDF<\/a><\/p>\n<p>[\/vc_column_text][vc_column_text]<\/p>\n<p>Pour tous les mod\u00e8les, il est possible de personnaliser la couleur et les dimensions <a href=\"https:\/\/californian-living.com\/fr\/contact-demande-speciale\/\">Demande sp\u00e9ciale<\/a><\/p>\n<p>[\/vc_column_text][vc_column_text]<\/p>\n<p>Produit original <a href=\"https:\/\/californian-living.com\/fr\/produit\/del-mar\/\">Commander maintenant<\/a><\/p>\n<p>[\/vc_column_text][vc_column_text]<\/p>\n<h5 style=\"text-transform: uppercase; text-align: left;\"><span style=\"color: #ebd8a8;\">Entretien\u00a0<\/span><\/h5>\n<p>Passez l\u2019aspirateur r\u00e9guli\u00e8rement (dans le sens du poil). Enlevez les taches imm\u00e9diatement. \u00c9vitez l\u2019eau et les autres liquides. Nous vous conseillons d\u2019utiliser un agent de nettoyage \u00e0 sec pour professionnel<\/p>\n<p>[\/vc_column_text][vc_btn title=\u00a0\u00bbT\u00e9l\u00e9charger le PDF\u00a0\u00bb color=\u00a0\u00bbsandy-brown\u00a0\u00bb link=\u00a0\u00bburl:https%3A%2F%2Fcalifornian-living.com%2Fwp-content%2Fuploads%2F2020%2F11%2Fcalifornian_living_fiche_de_maintenance_2_fr.pdf|title:%3Cp%3EPr%C3%A9sentation%3C%2Fp%3E|target:%20_blank|\u00a0\u00bb][vc_column_text]<\/p>\n<h5 style=\"text-transform: uppercase; text-align: left;\"><strong><span style=\"color: #ebd8a8;\">FAQ<\/span><\/strong><\/h5>\n<p>Pour toutes questions suppl\u00e9mentaire : <a href=\"https:\/\/californian-living.com\/fr\/faq\/\">FAQ<\/a><\/p>\n<p>[\/vc_column_text][\/vc_column][\/vc_row][vc_column][\/vc_column]<\/p>\n<\/div>","protected":false},"excerpt":{"rendered":"<p>La collection Del Mar est c\u00e9l\u00e8bre pour son style moderne et sophistiqu\u00e9. Son motif vintage est id\u00e9al pour ceux qui cherchent \u00e0 combiner modernisme et \u00e9l\u00e9gance. Fabriqu\u00e9e en soie v\u00e9g\u00e9tale, la viscose est connue pour son toucher et son \u00e9clat soyeux. Recommand\u00e9e pour les salons et utilisation r\u00e9sidentielle.<\/p>\n<p><strong>\u00c9chantillon : 15x15cm<\/strong><\/p>\n<p><strong>Livraison gratuite<\/strong><\/p>\n...","protected":false},"featured_media":5624,"comment_status":"closed","ping_status":"closed","template":"","meta":{"_acf_changed":false},"product_brand":[],"product_cat":[118],"product_tag":[],"class_list":{"0":"post-5615","1":"product","2":"type-product","3":"status-publish","4":"has-post-thumbnail","6":"product_cat-sample-fr","7":"pa_color-snow-white-fr","8":"pa_color-antique-white-fr","9":"pa_color-oatmeal-fr","10":"pa_color-drizzle-fr","11":"pa_color-walnut-fr","12":"pa_color-safari-fr","13":"pa_color-turkish-coffee-fr","14":"pa_color-gun-metal-fr","15":"pa_color-granit-green-fr","16":"pa_color-limestone-fr","17":"pa_color-stone-wash-fr","18":"pa_color-dark-sapphire-fr","19":"pa_color-martini-olive-fr","20":"pa_color-lemon-grass-fr","21":"pa_color-olive-oil-fr","22":"pa_color-lemonade-fr","23":"pa_color-petal-pink-fr","24":"pa_color-canyon-clay-fr","25":"pa_color-evening-sand-fr","26":"pa_color-autumn-leaf-fr","27":"pa_color-rio-red-fr","29":"first","30":"instock","31":"taxable","32":"shipping-taxable","33":"purchasable","34":"product-type-variable"},"acf":[],"_links":{"self":[{"href":"https:\/\/californian-living.com\/fr\/wp-json\/wp\/v2\/product\/5615","targetHints":{"allow":["GET"]}}],"collection":[{"href":"https:\/\/californian-living.com\/fr\/wp-json\/wp\/v2\/product"}],"about":[{"href":"https:\/\/californian-living.com\/fr\/wp-json\/wp\/v2\/types\/product"}],"replies":[{"embeddable":true,"href":"https:\/\/californian-living.com\/fr\/wp-json\/wp\/v2\/comments?post=5615"}],"wp:featuredmedia":[{"embeddable":true,"href":"https:\/\/californian-living.com\/fr\/wp-json\/wp\/v2\/media\/5624"}],"wp:attachment":[{"href":"https:\/\/californian-living.com\/fr\/wp-json\/wp\/v2\/media?parent=5615"}],"wp:term":[{"taxonomy":"product_brand","embeddable":true,"href":"https:\/\/californian-living.com\/fr\/wp-json\/wp\/v2\/product_brand?post=5615"},{"taxonomy":"product_cat","embeddable":true,"href":"https:\/\/californian-living.com\/fr\/wp-json\/wp\/v2\/product_cat?post=5615"},{"taxonomy":"product_tag","embeddable":true,"href":"https:\/\/californian-living.com\/fr\/wp-json\/wp\/v2\/product_tag?post=5615"}],"curies":[{"name":"wp","href":"https:\/\/api.w.org\/{rel}","templated":true}]}}