{"id":5577,"date":"2020-09-28T18:55:17","date_gmt":"2020-09-28T16:55:17","guid":{"rendered":"https:\/\/californian-living.com\/?page_id=5577"},"modified":"2020-09-28T19:09:00","modified_gmt":"2020-09-28T17:09:00","slug":"contact-demande-speciale","status":"publish","type":"page","link":"https:\/\/californian-living.com\/fr\/contact-demande-speciale\/","title":{"rendered":"Contact &#8211; Demande sp\u00e9ciale"},"content":{"rendered":"<div class=\"wpb-content-wrapper\"><p>[vc_row][vc_column]<div class = \"split-heading  simple\"><div class = \"left\"><h2>Contact - Boutique<\/h2><p>Demande sp\u00e9ciale<\/p><\/div><div class = \"right\"><p><\/p><\/div><\/div>\n<div class=\"wpcf7 no-js\" id=\"wpcf7-f5579-o1\" lang=\"en-US\" dir=\"ltr\" data-wpcf7-id=\"5579\">\n<div class=\"screen-reader-response\"><p role=\"status\" aria-live=\"polite\" aria-atomic=\"true\"><\/p> <ul><\/ul><\/div>\n<form action=\"\/fr\/wp-json\/wp\/v2\/pages\/5577#wpcf7-f5579-o1\" method=\"post\" class=\"wpcf7-form init\" aria-label=\"Contact form\" novalidate=\"novalidate\" data-status=\"init\">\n<div style=\"display: none;\">\n<input type=\"hidden\" name=\"_wpcf7\" value=\"5579\" \/>\n<input type=\"hidden\" name=\"_wpcf7_version\" value=\"6.0.5\" \/>\n<input type=\"hidden\" name=\"_wpcf7_locale\" value=\"en_US\" \/>\n<input type=\"hidden\" name=\"_wpcf7_unit_tag\" value=\"wpcf7-f5579-o1\" \/>\n<input type=\"hidden\" name=\"_wpcf7_container_post\" value=\"0\" \/>\n<input type=\"hidden\" name=\"_wpcf7_posted_data_hash\" value=\"\" \/>\n<input type=\"hidden\" name=\"_wpcf7_recaptcha_response\" value=\"\" \/>\n<\/div>\n<p><label> Pr\u00e9nom & Nom (requis)<br \/>\n<span class=\"wpcf7-form-control-wrap\" data-name=\"your-FirstName\"><input size=\"40\" maxlength=\"400\" class=\"wpcf7-form-control wpcf7-text wpcf7-validates-as-required\" aria-required=\"true\" aria-invalid=\"false\" value=\"\" type=\"text\" name=\"your-FirstName\" \/><\/span> <\/label>\n<\/p>\n<p><label> Email (requis)<br \/>\n<span class=\"wpcf7-form-control-wrap\" data-name=\"your-email\"><input size=\"40\" maxlength=\"400\" class=\"wpcf7-form-control wpcf7-email wpcf7-validates-as-required wpcf7-text wpcf7-validates-as-email\" aria-required=\"true\" aria-invalid=\"false\" value=\"\" type=\"email\" name=\"your-email\" \/><\/span> <\/label>\n<\/p>\n<p><label> Entreprise<br \/>\n<span class=\"wpcf7-form-control-wrap\" data-name=\"text-281\"><input size=\"40\" maxlength=\"400\" class=\"wpcf7-form-control wpcf7-text\" aria-invalid=\"false\" value=\"\" type=\"text\" name=\"text-281\" \/><\/span> <\/label>\n<\/p>\n<p><label> Num\u00e9ro de t\u00e9l\u00e9phone (requis)<br \/>\n<span class=\"wpcf7-form-control-wrap\" data-name=\"phonetext-705\"><input size=\"40\" class=\"wpcf7-form-control wpcf7-phonetext wpcf7-validates-as-required wpcf7-text wpcf7-validates-as-phonetext\" aria-required=\"true\" aria-invalid=\"false\" value=\"\" type=\"text\" name=\"phonetext-705\" \/><input type=\"hidden\" name=\"phonetext-705-country-code\" class=\"wpcf7-phonetext-country-code\" \/><\/span> <\/label>\n<\/p>\n<p><label> Pays (requis)<br \/>\n<span class=\"wpcf7-form-control-wrap\" data-name=\"countrytext-204\"><input size=\"40\" class=\"wpcf7-form-control wpcf7-countrytext wpcf7-validates-as-required wpcf7-text wpcf7-validates-as-countrytext\" aria-required=\"true\" aria-invalid=\"false\" value=\"\" type=\"text\" name=\"countrytext-204\" \/><\/span> <\/label>\n<\/p>\n<p><label> La collection qui vous int\u00e9resse<br \/>\n<span class=\"wpcf7-form-control-wrap\" data-name=\"menu-212\"><select class=\"wpcf7-form-control wpcf7-select\" aria-invalid=\"false\" name=\"menu-212\"><option value=\"Venice\">Venice<\/option><option value=\"Del Mar\">Del Mar<\/option><option value=\"Palm Springs\">Palm Springs<\/option><\/select><\/span> <\/label>\n<\/p>\n<p><label> Couleur<br \/>\n<span class=\"wpcf7-form-control-wrap\" data-name=\"menu-237\"><select class=\"wpcf7-form-control wpcf7-select\" aria-invalid=\"false\" name=\"menu-237\"><option value=\"Snow White\">Snow White<\/option><option value=\"Antique White\">Antique White<\/option><option value=\"Pumice Stone\">Pumice Stone<\/option><option value=\"Oatmeal\">Oatmeal<\/option><option value=\"Drizzle\">Drizzle<\/option><option value=\"Walnut\">Walnut<\/option><option value=\"Safari\">Safari<\/option><option value=\"Turkish Coffee\">Turkish Coffee<\/option><option value=\"Gun Metal\">Gun Metal<\/option><option value=\"Limestone\">Limestone<\/option><option value=\"Stone Wash\">Stone Wash<\/option><option value=\"Dark Sapphire\">Dark Sapphire<\/option><option value=\"Martini Olive\">Martini Olive<\/option><option value=\"Lemon Grass\">Lemon Grass<\/option><option value=\"Olive Oil\">Olive Oil<\/option><option value=\"Lemonade\">Lemonade<\/option><option value=\"Petal Pink\">Petal Pink<\/option><option value=\"Rose Dust\">Rose Dust<\/option><option value=\"Canyon Clay\">Canyon Clay<\/option><option value=\"Evening Sand\">Evening Sand<\/option><option value=\"Autumn Leaf\">Autumn Leaf<\/option><option value=\"Rio Red\">Rio Red<\/option><option value=\"Tornado\">Tornado<\/option><\/select><\/span> <\/label>\n<\/p>\n<p><label> largeur (cm)<br \/>\n<span class=\"wpcf7-form-control-wrap\" data-name=\"text-165\"><input size=\"40\" maxlength=\"400\" class=\"wpcf7-form-control wpcf7-text\" aria-invalid=\"false\" value=\"\" type=\"text\" name=\"text-165\" \/><\/span> <\/label>\n<\/p>\n<p><label> Longueur (cm)<br \/>\n<span class=\"wpcf7-form-control-wrap\" data-name=\"text-165\"><input size=\"40\" maxlength=\"400\" class=\"wpcf7-form-control wpcf7-text\" aria-invalid=\"false\" value=\"\" type=\"text\" name=\"text-165\" \/><\/span> <\/label>\n<\/p>\n<p><label> Vous pouvez nous \u00e9crire un message plus d\u00e9taill\u00e9 ici si vous le souhaitez.<br \/>\nNous reviendrons vers vous dans les plus brefs d\u00e9lais<br \/>\n<span class=\"wpcf7-form-control-wrap\" data-name=\"Please\"><textarea cols=\"40\" rows=\"10\" maxlength=\"2000\" class=\"wpcf7-form-control wpcf7-textarea\" aria-invalid=\"false\" name=\"Please\"><\/textarea><\/span> <\/label>\n<\/p>\n<p><input class=\"wpcf7-form-control wpcf7-submit has-spinner\" type=\"submit\" value=\"Envoyer\" \/>\n<\/p><p style=\"display: none !important;\" class=\"akismet-fields-container\" data-prefix=\"_wpcf7_ak_\"><label>&#916;<textarea name=\"_wpcf7_ak_hp_textarea\" cols=\"45\" rows=\"8\" maxlength=\"100\"><\/textarea><\/label><input type=\"hidden\" id=\"ak_js_1\" name=\"_wpcf7_ak_js\" value=\"17\"\/><script>document.getElementById( \"ak_js_1\" ).setAttribute( \"value\", ( new Date() ).getTime() );<\/script><\/p><div class=\"wpcf7-response-output\" aria-hidden=\"true\"><\/div>\n<\/form>\n<\/div>\n[\/vc_column][\/vc_row][vc_row][vc_column][\/vc_column][\/vc_row]<\/p>\n<\/div>","protected":false},"excerpt":{"rendered":"<p>[vc_row][vc_column][\/vc_column][\/vc_row][vc_row][vc_column][\/vc_column][\/vc_row]<\/p>\n...","protected":false},"author":1,"featured_media":0,"parent":0,"menu_order":0,"comment_status":"closed","ping_status":"closed","template":"template-no-title-fullwidth.php","meta":{"_acf_changed":false,"footnotes":""},"class_list":["post-5577","page","type-page","status-publish","hentry"],"acf":[],"_links":{"self":[{"href":"https:\/\/californian-living.com\/fr\/wp-json\/wp\/v2\/pages\/5577","targetHints":{"allow":["GET"]}}],"collection":[{"href":"https:\/\/californian-living.com\/fr\/wp-json\/wp\/v2\/pages"}],"about":[{"href":"https:\/\/californian-living.com\/fr\/wp-json\/wp\/v2\/types\/page"}],"author":[{"embeddable":true,"href":"https:\/\/californian-living.com\/fr\/wp-json\/wp\/v2\/users\/1"}],"replies":[{"embeddable":true,"href":"https:\/\/californian-living.com\/fr\/wp-json\/wp\/v2\/comments?post=5577"}],"version-history":[{"count":4,"href":"https:\/\/californian-living.com\/fr\/wp-json\/wp\/v2\/pages\/5577\/revisions"}],"predecessor-version":[{"id":5582,"href":"https:\/\/californian-living.com\/fr\/wp-json\/wp\/v2\/pages\/5577\/revisions\/5582"}],"wp:attachment":[{"href":"https:\/\/californian-living.com\/fr\/wp-json\/wp\/v2\/media?parent=5577"}],"curies":[{"name":"wp","href":"https:\/\/api.w.org\/{rel}","templated":true}]}}