{"id":5402,"date":"2019-08-21T17:09:11","date_gmt":"2019-08-21T15:09:11","guid":{"rendered":"https:\/\/californian-living.com\/presentation-californian-living\/"},"modified":"2021-05-20T16:35:02","modified_gmt":"2021-05-20T14:35:02","slug":"presentation-californian-living","status":"publish","type":"page","link":"https:\/\/californian-living.com\/fr\/presentation-californian-living\/","title":{"rendered":"Presentation"},"content":{"rendered":"<div class=\"wpb-content-wrapper\"><p>[vc_row css=\u00a0\u00bb.vc_custom_1581527556209{margin-top: -265px !important;}\u00a0\u00bb][vc_column][rev_slider_vc alias=\u00a0\u00bbpresentation-fr\u00a0\u00bb][\/vc_column][\/vc_row][vc_row full_width=\u00a0\u00bbstretch_row_content\u00a0\u00bb equal_height=\u00a0\u00bbyes\u00a0\u00bb content_placement=\u00a0\u00bbmiddle\u00a0\u00bb el_class=\u00a0\u00bbcl-std-section-margins\u00a0\u00bb][vc_column offset=\u00a0\u00bbvc_col-lg-6 vc_col-md-6 vc_col-xs-12&Prime; css=\u00a0\u00bb.vc_custom_1604580374505{padding-right: 5vw !important;padding-left: 10vw !important;}\u00a0\u00bb el_class=\u00a0\u00bbcl-vertical-offset desktop o10 cl-std-horizontal-padding-on-mobile\u00a0\u00bb][vc_column_text el_class=\u00a0\u00bblarge-text\u00a0\u00bb]<\/p>\n<h5 style=\"text-transform: uppercase; text-align: left;\"><strong><span style=\"color: #d3bb90;\">\u00ab\u00a0IL EST ESSENTIEL POUR NOUS DE CONTR\u00d4LER TOUTE LA CHA\u00ceNE DE PRODUCTION, DE LA FIBRE JUSQU&rsquo;\u00c0 LA LIVRAISON DU TAPIS\u00a0\u00bb<br \/>\n<\/span><\/strong><\/h5>\n<p>[\/vc_column_text][vc_column_text css=\u00a0\u00bb.vc_custom_1621521185145{background-color: #ffffff !important;}\u00a0\u00bb el_class=\u00a0\u00bbbringtofront\u00a0\u00bb]Depuis trois g\u00e9n\u00e9rations dans le secteur du textile, le fondateur a r\u00e9alis\u00e9 qu\u2019un \u00e9cart de prix se creusait entre les prix des mati\u00e8res premi\u00e8res et les prix auxquels sont offerts les tapis sur le march\u00e9. Californian Living a \u00e9t\u00e9 cr\u00e9\u00e9 pour pouvoir contr\u00f4ler toute la cha\u00eene de production du tapis afin d\u2019obtenir des prix authentiques et un contr\u00f4le de qualit\u00e9 \u00e9lev\u00e9 : de l\u2019approvisionnement en fibres, \u00e0 la filature et teinture du fil, \u00e0 la conception du tapis jusqu\u2019\u00e0 la livraison du tapis chez le client.[\/vc_column_text][\/vc_column][vc_column offset=\u00a0\u00bbvc_col-lg-6 vc_col-md-6 vc_col-xs-12&Prime; el_class=\u00a0\u00bbcl-no-padding-on-tablet\u00a0\u00bb][vc_single_image image=\u00a0\u00bb5415&Prime; img_size=\u00a0\u00bbfull\u00a0\u00bb alignment=\u00a0\u00bbright\u00a0\u00bb css_animation=\u00a0\u00bbfadeIn\u00a0\u00bb][\/vc_column][\/vc_row][vc_row full_width=\u00a0\u00bbstretch_row_content\u00a0\u00bb equal_height=\u00a0\u00bbyes\u00a0\u00bb content_placement=\u00a0\u00bbmiddle\u00a0\u00bb el_class=\u00a0\u00bbcl-reverse-columns-on-tablet cl-std-section-margins\u00a0\u00bb][vc_column offset=\u00a0\u00bbvc_col-lg-6 vc_col-md-6 vc_col-xs-12&Prime; css=\u00a0\u00bb.vc_custom_1604580541141{padding-right: 4vw !important;padding-left: 4vw !important;}\u00a0\u00bb][vc_single_image image=\u00a0\u00bb5416&Prime; img_size=\u00a0\u00bbfull\u00a0\u00bb alignment=\u00a0\u00bbright\u00a0\u00bb css_animation=\u00a0\u00bbfadeIn\u00a0\u00bb][\/vc_column][vc_column css=\u00a0\u00bb.vc_custom_1604580591806{padding-right: 10vw !important;padding-left: 5vw !important;}\u00a0\u00bb offset=\u00a0\u00bbvc_col-lg-6 vc_col-md-6 vc_col-xs-12&Prime; el_class=\u00a0\u00bbcl-vertical-offset tablet o15 cl-std-horizontal-padding-on-mobile\u00a0\u00bb][vc_column_text el_class=\u00a0\u00bblarge-text\u00a0\u00bb]<\/p>\n<h5 style=\"text-transform: uppercase; text-align: left;\"><strong><span style=\"color: #d3bb90;\">\u201cNOTRE BUT EST DE PROPOSER UNE PLATEFORME SIMPLE O\u00d9 vous pouvez PERSONNALISER votre TAPIS EN FONCTION DE vos GO\u00dbTS ET DE vos BESOINS\u00a0\u00bb<\/span><\/strong><\/h5>\n<p>[\/vc_column_text][vc_column_text css=\u00a0\u00bb.vc_custom_1601915374392{background-color: #ffffff !important;}\u00a0\u00bb el_class=\u00a0\u00bbbringtofront\u00a0\u00bb]Californian Living est le premier site o\u00f9 vous pouvez choisir, en quelques clics, votre design ainsi que vos textures, couleurs et dimensions afin que votre tapis soit livr\u00e9 directement chez vous. Nos tapis, au design raffin\u00e9, sont faits \u00e0 la main et cr\u00e9\u00e9s uniquement \u00e0 partir de fibres naturelles.[\/vc_column_text][\/vc_column][\/vc_row][vc_row full_width=\u00a0\u00bbstretch_row_content\u00a0\u00bb equal_height=\u00a0\u00bbyes\u00a0\u00bb content_placement=\u00a0\u00bbmiddle\u00a0\u00bb el_class=\u00a0\u00bbcl-std-section-margins\u00a0\u00bb][vc_column offset=\u00a0\u00bbvc_col-lg-6 vc_col-md-6 vc_col-xs-12&Prime; el_id=\u00a0\u00bb#goodweave\u00a0\u00bb css=\u00a0\u00bb.vc_custom_1604580804551{padding-right: 5vw !important;padding-left: 10vw !important;}\u00a0\u00bb el_class=\u00a0\u00bbcl-vertical-offset tablet o20 cl-std-horizontal-padding-on-mobile\u00a0\u00bb][vc_column_text el_class=\u00a0\u00bblarge-text\u00a0\u00bb]<\/p>\n<h5 style=\"text-transform: uppercase; text-align: left;\"><strong><span style=\"color: #d3bb90;\">\u201c<\/span><\/strong><strong><span style=\"color: #d3bb90;\">Mat\u00e9riaux naturels de haute qualit\u00e9 fabriqu\u00e9s par des artisans tisserands<\/span><\/strong><strong><span style=\"color: #d3bb90;\">\u00ab\u00a0<\/span><\/strong><\/h5>\n<p>[\/vc_column_text][vc_column_text css=\u00a0\u00bb.vc_custom_1605271016861{background-color: #ffffff !important;}\u00a0\u00bb el_class=\u00a0\u00bbbringtofront\u00a0\u00bb]Tous les tapis sont con\u00e7us en Californie et fabriqu\u00e9s \u00e0 la main par des tisserands certifi\u00e9s \u00ab Goodweave \u00ae\u00bb hautement qualifi\u00e9s et exp\u00e9riment\u00e9s en Inde ou au N\u00e9pal. Le label GoodWeave \u00ae signifie qu&rsquo;aucun enfant, avec travail forc\u00e9 ou oblig\u00e9, n&rsquo;a \u00e9t\u00e9 utilis\u00e9 dans la fabrication d&rsquo;un produit certifi\u00e9, et que votre achat soutient des programmes qui \u00e9duquent les enfants et assurent un travail d\u00e9cent aux adultes. Nos tapis sont fabriqu\u00e9s avec des fibres naturelles comme la laine de Nouvelle-Z\u00e9lande ou le coton biologique par exemple.[\/vc_column_text][\/vc_column][vc_column offset=\u00a0\u00bbvc_col-lg-6 vc_col-md-6 vc_col-xs-12&Prime; el_class=\u00a0\u00bbcl-no-padding-on-tablet\u00a0\u00bb][vc_single_image image=\u00a0\u00bb5407&Prime; img_size=\u00a0\u00bbfull\u00a0\u00bb alignment=\u00a0\u00bbright\u00a0\u00bb css_animation=\u00a0\u00bbfadeIn\u00a0\u00bb][\/vc_column][\/vc_row][vc_row full_width=\u00a0\u00bbstretch_row_content\u00a0\u00bb equal_height=\u00a0\u00bbyes\u00a0\u00bb content_placement=\u00a0\u00bbmiddle\u00a0\u00bb el_class=\u00a0\u00bbcl-reverse-columns-on-tablet cl-std-section-margins\u00a0\u00bb][vc_column offset=\u00a0\u00bbvc_col-lg-6 vc_col-md-6 vc_col-xs-12&Prime; css=\u00a0\u00bb.vc_custom_1604581150279{padding-right: 10vw !important;padding-left: 10vw !important;}\u00a0\u00bb][vc_single_image image=\u00a0\u00bb5414&Prime; img_size=\u00a0\u00bbfull\u00a0\u00bb alignment=\u00a0\u00bbright\u00a0\u00bb css_animation=\u00a0\u00bbfadeIn\u00a0\u00bb][\/vc_column][vc_column offset=\u00a0\u00bbvc_col-lg-6 vc_col-md-6 vc_col-xs-12&Prime; el_class=\u00a0\u00bbcl-vertical-offset tablet o5 cl-std-horizontal-padding-on-mobile\u00a0\u00bb css=\u00a0\u00bb.vc_custom_1604581172905{padding-right: 8vw !important;padding-left: 5vw !important;}\u00a0\u00bb][vc_column_text el_class=\u00a0\u00bblarge-text\u00a0\u00bb]<\/p>\n<h5 style=\"text-transform: uppercase; text-align: left;\"><strong><span style=\"color: #d3bb90;\">\u00ab\u00a0DANS LE MONDE D&rsquo;AUJOURD&rsquo;HUI, IL EST IMPORTANT D&rsquo;AGIR de fa\u00e7on RESPONSABle, DE PRENDRE DES D\u00c9CISIONS QUI PROT\u00c8GENT NOTRE PLAN\u00c8TE\u00a0\u00bb<br \/>\n<\/span><\/strong><\/h5>\n<p>[\/vc_column_text][vc_column_text css=\u00a0\u00bb.vc_custom_1606731485532{background-color: #ffffff !important;}\u00a0\u00bb el_class=\u00a0\u00bbbringtofront\u00a0\u00bb]Nos tapis sont des cr\u00e9ations artisanales labellis\u00e9 OEKO-TEX\u00ae, garantissant des textiles sans polluant, pour agir de mani\u00e8re responsable et prendre des d\u00e9cisions durables. Les mat\u00e9riaux, des fils aux tapis finis, sont tous test\u00e9s afin de d\u00e9tecter les substances nocives pour \u00eatre sans danger pour l\u2019humain et l\u2019\u00e9cologie. Notre label MADE IN GREEN LABEL by Oekotex \u00ae garantit \u00e9galement la fabrication de nos tapis dans des conditions de travail durables et socialement responsables.[\/vc_column_text][\/vc_column][\/vc_row][vc_row][vc_column][rev_slider_vc alias=\u00a0\u00bbpresentation-down-test\u00a0\u00bb][\/vc_column][\/vc_row][vc_row disable_element=\u00a0\u00bbyes\u00a0\u00bb css=\u00a0\u00bb.vc_custom_1498783297881{margin-top: 60px !important;margin-bottom: 1px !important;}\u00a0\u00bb][vc_column][vc_separator][\/vc_column][\/vc_row]<\/p>\n<\/div>","protected":false},"excerpt":{"rendered":"<p>[vc_row css=\u00a0\u00bb.vc_custom_1581527556209{margin-top: -265px !important;}\u00a0\u00bb][vc_column][rev_slider_vc alias=\u00a0\u00bbpresentation-fr\u00a0\u00bb][\/vc_column][\/vc_row][vc_row full_width=\u00a0\u00bbstretch_row_content\u00a0\u00bb equal_height=\u00a0\u00bbyes\u00a0\u00bb content_placement=\u00a0\u00bbmiddle\u00a0\u00bb el_class=\u00a0\u00bbcl-std-section-margins\u00a0\u00bb][vc_column offset=\u00a0\u00bbvc_col-lg-6 vc_col-md-6 vc_col-xs-12&Prime; css=\u00a0\u00bb.vc_custom_1604580374505{padding-right: 5vw !important;padding-left: 10vw !important;}\u00a0\u00bb el_class=\u00a0\u00bbcl-vertical-offset desktop o10 cl-std-horizontal-padding-on-mobile\u00a0\u00bb][vc_column_text el_class=\u00a0\u00bblarge-text\u00a0\u00bb] \u00ab\u00a0IL EST ESSENTIEL POUR NOUS DE CONTR\u00d4LER TOUTE LA CHA\u00ceNE DE PRODUCTION, DE LA FIBRE JUSQU&rsquo;\u00c0 LA LIVRAISON DU TAPIS\u00a0\u00bb [\/vc_column_text][vc_column_text css=\u00a0\u00bb.vc_custom_1621521185145{background-color: #ffffff !important;}\u00a0\u00bb el_class=\u00a0\u00bbbringtofront\u00a0\u00bb]Depuis trois g\u00e9n\u00e9rations dans le secteur du textile, le ...<\/p>\n","protected":false},"author":1,"featured_media":0,"parent":0,"menu_order":0,"comment_status":"closed","ping_status":"closed","template":"template-no-title-fullwidth.php","meta":{"_acf_changed":false,"footnotes":""},"class_list":["post-5402","page","type-page","status-publish","hentry"],"acf":[],"_links":{"self":[{"href":"https:\/\/californian-living.com\/fr\/wp-json\/wp\/v2\/pages\/5402","targetHints":{"allow":["GET"]}}],"collection":[{"href":"https:\/\/californian-living.com\/fr\/wp-json\/wp\/v2\/pages"}],"about":[{"href":"https:\/\/californian-living.com\/fr\/wp-json\/wp\/v2\/types\/page"}],"author":[{"embeddable":true,"href":"https:\/\/californian-living.com\/fr\/wp-json\/wp\/v2\/users\/1"}],"replies":[{"embeddable":true,"href":"https:\/\/californian-living.com\/fr\/wp-json\/wp\/v2\/comments?post=5402"}],"version-history":[{"count":120,"href":"https:\/\/californian-living.com\/fr\/wp-json\/wp\/v2\/pages\/5402\/revisions"}],"predecessor-version":[{"id":7193,"href":"https:\/\/californian-living.com\/fr\/wp-json\/wp\/v2\/pages\/5402\/revisions\/7193"}],"wp:attachment":[{"href":"https:\/\/californian-living.com\/fr\/wp-json\/wp\/v2\/media?parent=5402"}],"curies":[{"name":"wp","href":"https:\/\/api.w.org\/{rel}","templated":true}]}}